{"id":17444,"date":"2023-11-26T18:04:25","date_gmt":"2023-11-26T18:04:25","guid":{"rendered":"https:\/\/life-veda.com\/product\/muhurta-kedy-je-spravny-cas\/"},"modified":"2023-11-26T18:04:25","modified_gmt":"2023-11-26T18:04:25","slug":"muhurta-kedy-je-spravny-cas","status":"publish","type":"product","link":"https:\/\/life-veda.com\/sk\/produkt\/muhurta-kedy-je-spravny-cas\/","title":{"rendered":"Muhurta &#8211; kedy je spr\u00e1vny \u010das?"},"content":{"rendered":"<p>Ke\u010f si objedn\u00e1te individu\u00e1lnu <em>muhurtu<\/em>, dostanete:<\/p>\n<ul>\n<li>Priazniv\u00fd d\u00e1tum pre va\u0161u aktivitu s presn\u00fdm rozsahom min\u00fat na aktiv\u00e1ciu,<\/li>\n<li>Veta pre va\u0161u osobn\u00fa aktiv\u00e1ciu,<\/li>\n<li>Presn\u00e9 ritu\u00e1lne pokyny na aktiv\u00e1ciu olt\u00e1ra,<\/li>\n<li>Presn\u00fd ritu\u00e1l na aktiv\u00e1ciu v\u00e1\u0161ho \u017eelania,<\/li>\n<li>Jogy pre \u00faspech zahrnut\u00e9 v <em>Muhurte<\/em>,<\/li>\n<li>Prostriedky na odstr\u00e1nenie prek\u00e1\u017eok po\u010das va\u0161ej \u010dinnosti.<\/li>\n<\/ul>\n<p><strong>Pre\u010do by som si mal vybra\u0165 poradenstvo?<\/strong><\/p>\n<p>V\u00fdhodou presn\u00e9ho d\u0148a je, \u017ee v\u00e1m v\u00fdrazne pom\u00f4\u017ee zlep\u0161i\u0165 kvalitu v\u00e1\u0161ho \u017eivota. Ak sa po\u017eadovan\u00e1 \u010dinnos\u0165 vykon\u00e1 v ide\u00e1lnom \u010dase, m\u00f4\u017ee sa uskuto\u010dni\u0165 ve\u013emi \u00faspe\u0161ne a bez prek\u00e1\u017eok. <\/p>\n<p><strong>V\u00fdhody<\/strong><\/p>\n<p><em>Muhurta<\/em> je zd\u013ahav\u00fd a n\u00e1ro\u010dn\u00fd v\u00fdpo\u010det, ktor\u00fd vykon\u00e1va samotn\u00fd astrol\u00f3g. Va\u0161a \u010dinnos\u0165 bude harmonizovan\u00e1 a podporovan\u00e1 prirodzen\u00fdm kozmick\u00fdm rytmom, \u010d\u00edm potenci\u00e1lne dosiahnete lep\u0161ie v\u00fdsledky a vyhnete sa mo\u017en\u00fdm nepriazniv\u00fdm \u00fa\u010dinkom. <\/p>\n<p><strong>N\u00e1kup a doru\u010denie<\/strong><br \/>\nToto je spr\u00e1va s pokynmi na aktiv\u00e1ciu, ktor\u00fa nap\u00edsala samotn\u00e1 astrologi\u010dka. Po podan\u00ed \u017eiadosti o anal\u00fdzu a op\u00edsan\u00ed, pre ak\u00fd pl\u00e1n alebo akciu potrebujete v\u00fdpo\u010det a ako ste \u010dasovo obmedzen\u00ed, v\u00e1m za\u0161leme spr\u00e1vu, ktor\u00e1 zvy\u010dajne pozost\u00e1va z 3-5 str\u00e1n. Na ur\u010denie <em>muhurty<\/em> sta\u010d\u00ed uvies\u0165 obdobie, v ktorom pl\u00e1nujete kona\u0165. V\u00e1\u0161 astrol\u00f3g potom over\u00ed ide\u00e1lny \u010das pre v\u00e1s v r\u00e1mci po\u017eadovan\u00e9ho obdobia a po\u0161le v\u00e1m jeden alebo dva najlep\u0161ie vypo\u010d\u00edtan\u00e9 \u010dasy v r\u00e1mci ur\u010den\u00e9ho obdobia. Upozor\u0148ujeme, \u017ee t\u00e1to anal\u00fdza bude trva\u0165 ur\u010dit\u00fd \u010das.    <\/p>\n<p><b>O astrol\u00f3govi<\/b><\/p>\n<p>Konzult\u00e1cie poskytuje Aleksandra Klemenc, zakladate\u013eka In\u0161tit\u00fatu Life Veda, \u0161koly Jyotish a Ayurveda. Aleksandru vy\u0161kolili renomovan\u00fd indick\u00fd astrol\u00f3g Dr. Pai Arjuna, ajurv\u00e9dsky lek\u00e1r B.A.M.S. Saurabh a Guruji Ma pre Uthara Vastu sadhanu &#8211; lie\u010denie maternice a p\u0155s v USA. Spolupracuje s v\u00fdznamn\u00fdmi ajurv\u00e9dskymi organiz\u00e1ciami, ako s\u00fa \u0160ankara, Mahari\u0161i a AVP, a rad\u00ed \u013eu\u010fom na v\u00fdznamn\u00fdch poz\u00edci\u00e1ch, pri\u010dom pon\u00faka konzult\u00e1cie na medzin\u00e1rodnej \u00farovni.  <\/p>\n","protected":false},"excerpt":{"rendered":"<p>spr\u00e1va o v\u00fdpo\u010dte<\/p>\n<p>\u013dudia u\u017e od d\u00e1vnych \u010dias ch\u00e1pali vplyv lun\u00e1rnych cyklov na rast a \u00farodu, \u010d\u00edm si uvedomovali podporu, ktor\u00fa im poskytuj\u00fa vesm\u00edrne energie.<\/p>\n<p>Kr\u00e1li a bohat\u00ed mali v\u00fdsadu pr\u00edstupu k Muhurte, starovekej m\u00fadrosti o tom, ako vyu\u017ei\u0165 silu lun\u00e1rnych cyklov na \u010do najpriaznivej\u0161ie za\u010diatky d\u00f4le\u017eit\u00fdch udalost\u00ed. Dnes tak\u00e9to v\u00fdpo\u010dty vyu\u017e\u00edvaj\u00fa \u00faspe\u0161n\u00ed jednotlivci v r\u00f4znych oblastiach: podnikatelia, medi\u00e1lne hviezdy, umelci, milenci a t\u00ed, ktor\u00ed sa usiluj\u00fa o zlep\u0161enie svojho postavenia. <\/p>\n<p>Muhurta je individu\u00e1lny v\u00fdpo\u010det, ktor\u00fd zoh\u013ead\u0148uje najpriaznivej\u0161\u00ed \u010das pre v\u00e1s na z\u00e1klade v\u00e1\u0161ho rodokme\u0148a a zos\u00fala\u010fuje ho s tranzitn\u00fdmi planet\u00e1rnymi vplyvmi.<\/p>\n<p>Muhurta je dokonal\u00fdm n\u00e1strojom na presn\u00e9 ur\u010denie optim\u00e1lneho \u010dasu, d\u0148a a dokonca aj min\u00faty na zabezpe\u010denie \u00faspechu vo va\u0161om \u00fasil\u00ed. \u010ci u\u017e uva\u017eujete o man\u017eelstve, rodi\u010dovstve, zmene kari\u00e9ry, podnikan\u00ed, majetkov\u00fdch transakci\u00e1ch, cestovan\u00ed, pres\u0165ahovan\u00ed alebo oper\u00e1cii, t\u00e1to anal\u00fdza v\u00e1m m\u00f4\u017ee pom\u00f4c\u0165. <\/p>\n<p>Cie\u013eom v\u00fdpo\u010dtu muhurty je tie\u017e upozorni\u0165 v\u00e1s na nepriazniv\u00e9 dni a \u010dasy v r\u00e1mci d\u0148a, a tak pred\u00eds\u0165 mo\u017en\u00fdm probl\u00e9mom alebo komplik\u00e1ci\u00e1m vo va\u0161om \u017eivote, ak za\u010dnete vykon\u00e1va\u0165 \u010dinnos\u0165 v danom okamihu.<\/p>\n<p>Ak s\u00fa va\u0161e snahy v s\u00falade s muhurtou (spr\u00e1vna kon\u0161tel\u00e1cia plan\u00e9t vypo\u010d\u00edtan\u00e1 astrol\u00f3gom), podporia v\u00e1s pozit\u00edvne energie vesm\u00edru. Va\u0161e aktivity a projekty bud\u00fa pri\u0165ahova\u0165 vynikaj\u00face v\u00fdsledky, \u00faspech, prosperitu, \u0161\u0165astie a vn\u00fatorn\u00fa spokojnos\u0165. <\/p>\n<p>Muhurta bude znamena\u0165 ide\u00e1lny \u010das pre:<\/p>\n<ul>\n<li>Z\u00e1snuby a svadby,<\/li>\n<li>Po\u010datie (zv\u00fd\u0161enie mo\u017enosti po\u010datia),<\/li>\n<li>Podp\u00edsanie zmluvy o novom pracovnom mieste alebo otvorenie spolo\u010dnosti,<\/li>\n<li>Podp\u00edsanie d\u00f4le\u017eit\u00fdch obchodn\u00fdch zml\u00fav,<\/li>\n<li>K\u00fapa pozemku, nehnute\u013enosti alebo za\u010datie v\u00fdstavby,<\/li>\n<li>K\u00fapa auta (zv\u00fd\u0161enie bezpe\u010dnosti jazdy),<\/li>\n<li>Za\u010d\u00ednaj\u00face cestovanie alebo premiestnenie,<\/li>\n<li>Za\u010datie lie\u010dby alebo oper\u00e1cie (zv\u00fd\u0161enie priazniv\u00fdch v\u00fdsledkov),<\/li>\n<li>Za\u010diatok p\u00edsania knihy (zv\u00fd\u0161enie \u00faspechu knihy),<\/li>\n<li>Prihlasovanie sa na kurzy alebo \u0161t\u00fadium (zv\u00fd\u0161enie v\u010dasn\u00e9ho ukon\u010denia a \u00faspe\u0161nosti).<\/li>\n<\/ul>\n<p>Zadan\u00fd d\u00e1tum a presn\u00fd \u010das <em>Muhurty<\/em> spolu s pokynmi na aktiv\u00e1ciu s\u00fa k dispoz\u00edcii za 350 EUR. Astrol\u00f3g potrebuje \u010das na pr\u00edpravu spr\u00e1vy. <\/p>\n<p>Cena nie je povinn\u00e1 plati\u0165 DPH z d\u00f4vodu oslobodenia od dane pod\u013ea \u00a7 30 p\u00edsm. c) z\u00e1kona o DPH (ZDDV-1) pri neelektronick\u00fdch slu\u017eb\u00e1ch poskytovan\u00fdch kone\u010dn\u00fdm spotrebite\u013eom v r\u00e1mci E\u00da.<br \/>\nN\u00e1kup m\u00f4\u017ee uskuto\u010dni\u0165 len kone\u010dn\u00fd kupuj\u00faci a nie spolo\u010dnos\u0165.<\/p>\n","protected":false},"featured_media":15833,"template":"","meta":{"cybocfi_hide_featured_image":""},"product_brand":[],"product_cat":[135],"product_tag":[],"class_list":{"0":"post-17444","1":"product","2":"type-product","3":"status-publish","4":"has-post-thumbnail","6":"product_cat-konzultacie","8":"first","9":"instock","10":"virtual","11":"purchasable","12":"product-type-simple"},"_links":{"self":[{"href":"https:\/\/life-veda.com\/sk\/wp-json\/wp\/v2\/product\/17444","targetHints":{"allow":["GET"]}}],"collection":[{"href":"https:\/\/life-veda.com\/sk\/wp-json\/wp\/v2\/product"}],"about":[{"href":"https:\/\/life-veda.com\/sk\/wp-json\/wp\/v2\/types\/product"}],"version-history":[{"count":0,"href":"https:\/\/life-veda.com\/sk\/wp-json\/wp\/v2\/product\/17444\/revisions"}],"wp:featuredmedia":[{"embeddable":true,"href":"https:\/\/life-veda.com\/sk\/wp-json\/wp\/v2\/media\/15833"}],"wp:attachment":[{"href":"https:\/\/life-veda.com\/sk\/wp-json\/wp\/v2\/media?parent=17444"}],"wp:term":[{"taxonomy":"product_brand","embeddable":true,"href":"https:\/\/life-veda.com\/sk\/wp-json\/wp\/v2\/product_brand?post=17444"},{"taxonomy":"product_cat","embeddable":true,"href":"https:\/\/life-veda.com\/sk\/wp-json\/wp\/v2\/product_cat?post=17444"},{"taxonomy":"product_tag","embeddable":true,"href":"https:\/\/life-veda.com\/sk\/wp-json\/wp\/v2\/product_tag?post=17444"}],"curies":[{"name":"wp","href":"https:\/\/api.w.org\/{rel}","templated":true}]}}