{"id":17254,"date":"2023-10-28T13:45:47","date_gmt":"2023-10-28T13:45:47","guid":{"rendered":"https:\/\/life-veda.com\/moj-ucet\/"},"modified":"2025-10-14T08:32:20","modified_gmt":"2025-10-14T08:32:20","slug":"moj-ucet","status":"publish","type":"page","link":"https:\/\/life-veda.com\/sk\/moj-ucet\/","title":{"rendered":"M\u00f4j \u00fa\u010det"},"content":{"rendered":"<div class=\"woocommerce\"><\/div>\n","protected":false},"excerpt":{"rendered":"","protected":false},"author":1,"featured_media":0,"parent":0,"menu_order":0,"comment_status":"closed","ping_status":"closed","template":"","meta":{"cybocfi_hide_featured_image":"","footnotes":""},"class_list":["post-17254","page","type-page","status-publish","hentry"],"_links":{"self":[{"href":"https:\/\/life-veda.com\/sk\/wp-json\/wp\/v2\/pages\/17254","targetHints":{"allow":["GET"]}}],"collection":[{"href":"https:\/\/life-veda.com\/sk\/wp-json\/wp\/v2\/pages"}],"about":[{"href":"https:\/\/life-veda.com\/sk\/wp-json\/wp\/v2\/types\/page"}],"author":[{"embeddable":true,"href":"https:\/\/life-veda.com\/sk\/wp-json\/wp\/v2\/users\/1"}],"replies":[{"embeddable":true,"href":"https:\/\/life-veda.com\/sk\/wp-json\/wp\/v2\/comments?post=17254"}],"version-history":[{"count":0,"href":"https:\/\/life-veda.com\/sk\/wp-json\/wp\/v2\/pages\/17254\/revisions"}],"wp:attachment":[{"href":"https:\/\/life-veda.com\/sk\/wp-json\/wp\/v2\/media?parent=17254"}],"curies":[{"name":"wp","href":"https:\/\/api.w.org\/{rel}","templated":true}]}}